{"id":8,"date":"2015-02-18T16:22:22","date_gmt":"2015-02-18T16:22:22","guid":{"rendered":"http:\/\/www.muep.hu\/?page_id=8"},"modified":"2018-09-25T21:33:57","modified_gmt":"2018-09-25T19:33:57","slug":"szolg","status":"publish","type":"page","link":"https:\/\/www.muep.hu\/?page_id=8","title":{"rendered":"Szolg\u00e1ltat\u00e1saink"},"content":{"rendered":"\n            <div class=\"text-left glacier-section\" style=\"padding-top: 0px; padding-bottom: 15px; \" id=\"section-5b89523c28b07\">\n            <div class=\"container\">\n                <section>\n                    \n<div class=\"row\">\n\t\n\n<div class=\"col-xs-12 col-sm-12\" style=\"background: transparent  \">\n\t<script type=\"text\/javascript\">\n    jQuery('document').ready(function () {\n        \/\/Main slider\n        \/\/-----------------------------------------------\n        if (jQuery(\"#flexslider-69fb2f36bf839.slideshow .flexslider\").length>0) {\n            if (!Modernizr.touch) {\n                jQuery(window).load(function() {\n                    jQuery('#flexslider-69fb2f36bf839.slideshow .flexslider').flexslider({\n                        prevText: \"\",\n                        nextText: \"\",\n                        useCSS: false,\n                        animation: \"fade\",\n                        touch: false,\n                        controlNav: false,                        directionNav: false,                        slideshow : false,                        start: function(slider){\n                            slider.removeClass(\"loading\");\n                            if (Modernizr.csstransitions) {\n                                setTimeout(function() {\n                                    captionAnimation = jQuery(\".slideshow .flex-active-slide .caption\").attr(\"data-caption-effect\");\n                                    jQuery('.slideshow .caption').addClass(\" animated object-visible \" + captionAnimation);\n                                }, 100);\n                            };\n                        },\n                        before: function(slider){\n                            if (Modernizr.csstransitions) {\n                                setTimeout(function() {\n                                    jQuery('.slideshow .caption').removeClass(\" animated object-visible \" + captionAnimation);\n                                }, 100);\n                            };\n                        },\n                        after: function(slider){\n                            if (Modernizr.csstransitions) {\n                                setTimeout(function() {\n                                    captionAnimation = jQuery(\".slideshow .flex-active-slide .caption\").attr(\"data-caption-effect\");\n                                    jQuery('.slideshow .caption').addClass(\" animated object-visible \" + captionAnimation);\n                                }, 100);\n                            };\n                        }\n                    });\n                });\n            } else {\n                jQuery(window).load(function() {\n                    jQuery('#flexslider-69fb2f36bf839.slideshow .flexslider').flexslider({\n                        prevText: \"\",\n                        nextText: \"\",\n                        useCSS: false,\n                        animation: \"fade\",\n                        controlNav: false,                        directionNav: false,                        slideshow : false,                        start: function(slider){\n                            slider.removeClass(\"loading\");\n                            if (Modernizr.csstransitions) {\n                                setTimeout(function() {\n                                    captionAnimation = jQuery(\".slideshow .flex-active-slide .caption\").attr(\"data-caption-effect\");\n                                    jQuery('.slideshow .caption').addClass(\" animated object-visible \" + captionAnimation);\n                                }, 100);\n                            };\n                        },\n                        before: function(slider){\n                            if (Modernizr.csstransitions) {\n                                setTimeout(function() {\n                                    jQuery('.slideshow .caption').removeClass(\" animated object-visible \" + captionAnimation);\n                                }, 100);\n                            };\n                        },\n                        after: function(slider){\n                            if (Modernizr.csstransitions) {\n                                setTimeout(function() {\n                                    captionAnimation = jQuery(\".slideshow .flex-active-slide .caption\").attr(\"data-caption-effect\");\n                                    jQuery('.slideshow .caption').addClass(\" animated object-visible \" + captionAnimation);\n                                }, 100);\n                            };\n                        }\n                    });\n                });\n            }\n\n            \/\/Full width Slider\n            \/\/-----------------------------------------------\n\n            if (jQuery(\"[data-slider-height]\").length>0) {\n                var initialHeight = jQuery(\"#flexslider-69fb2f36bf839.fullwidth .flexslider\").attr(\"data-slider-height\");\n            } else {\n                var initialHeight = \"540\";\n            }\n            var initialWidth = \"1140\",\n                ratio = initialHeight\/initialWidth,\n                windowsize = jQuery(window).width();\n            if (jQuery(window).width() < 1140) {\n                jQuery('#flexslider-69fb2f36bf839.slideshow.fullwidth').css(\"height\", windowsize*ratio );\n                jQuery('#flexslider-69fb2f36bf839.slideshow.fullwidth .flexslider').css(\"height\", windowsize*ratio );\n                jQuery('#flexslider-69fb2f36bf839.slideshow.fullwidth .flexslider .slides>li').css(\"height\", windowsize*ratio );\n                jQuery('#flexslider-69fb2f36bf839.slideshow.fullwidth .flexslider .caption-wrapper').css(\"height\", windowsize*ratio );\n            } else {\n                jQuery('#flexslider-69fb2f36bf839.slideshow.fullwidth').css(\"height\", initialHeight );\n                jQuery('#flexslider-69fb2f36bf839.slideshow.fullwidth .flexslider').css(\"height\", initialHeight );\n                jQuery('#flexslider-69fb2f36bf839.slideshow.fullwidth .flexslider .slides>li').css(\"height\", initialHeight );\n                jQuery('#flexslider-69fb2f36bf839.slideshow.fullwidth .flexslider .caption-wrapper').css(\"height\", initialHeight );\n            }\n\n            jQuery(window).resize(function() {\n                if (jQuery(\"[data-slider-height]\").length>0) {\n                    var initialHeight = jQuery(\"#flexslider-69fb2f36bf839.fullwidth .flexslider\").attr(\"data-slider-height\");\n                } else {\n                    var initialHeight = \"540\";\n                }\n                var initialWidth = \"1140\",\n                    ratio = initialHeight\/initialWidth,\n                    windowsize = jQuery(window).width();\n                if (jQuery(window).width() < 1140) {\n                    jQuery('#flexslider-69fb2f36bf839.slideshow.fullwidth').css(\"height\", windowsize*ratio );\n                    jQuery('#flexslider-69fb2f36bf839.slideshow.fullwidth .flexslider').css(\"height\", windowsize*ratio );\n                    jQuery('#flexslider-69fb2f36bf839.slideshow.fullwidth .flexslider .slides>li').css(\"height\", windowsize*ratio );\n                    jQuery('#flexslider-69fb2f36bf839.slideshow.fullwidth .flexslider .caption-wrapper').css(\"height\", windowsize*ratio );\n                } else {\n                    jQuery('#flexslider-69fb2f36bf839.slideshow.fullwidth').css(\"height\", initialHeight );\n                    jQuery('#flexslider-69fb2f36bf839.slideshow.fullwidth .flexslider').css(\"height\", initialHeight );\n                    jQuery('#flexslider-69fb2f36bf839.slideshow.fullwidth .flexslider .slides>li').css(\"height\", initialHeight );\n                    jQuery('#flexslider-69fb2f36bf839.slideshow.fullwidth .flexslider .caption-wrapper').css(\"height\", initialHeight );\n                }\n            });\n        };\n    });\n<\/script>\n    <script>\n        jQuery('document').ready(function ($) {\n            if ($('.owl-carousel-69fb2f36bf881').length > 0) {\n                $(\".owl-carousel-69fb2f36bf881\").owlCarousel({\n                    navigationText: false,\n                    singleItem : false, items : 4, itemsDesktop : [1199,3], itemsDesktopSmall : [991,2],                    pagination: false,                                                        });\n            }\n        });\n    <\/script>\n    <div class=\"img-boxes owl-carousel-69fb2f36bf881 brands  owl-theme\">\n                                                        <a href=\"https:\/\/www.muep.hu\/?page_id=29\" class=\"mask-wrapper\" target=\"_self\">\n                        <img data-no-retina src=\"https:\/\/www.muep.hu\/wp-content\/uploads\/_MUEP\/shutterstock_212765824-e1535454384125-300x300.jpg\" width=\"300\" height=\"300\" alt=\"Gener\u00e1l tervez\u00e9s\">\n                        <div class=\"mask\">\n\n                                                            <p>Gener\u00e1l tervez\u00e9s<\/p>\n                            \n                                                        <span class=\"triangle\"><i class=\"fa fa-link\"><\/i><\/span>\n                        <\/div>\n                    <\/a>\n                                                                                    <a href=\"https:\/\/www.muep.hu\/?page_id=23\" class=\"mask-wrapper\" target=\"_self\">\n                        <img data-no-retina src=\"https:\/\/www.muep.hu\/wp-content\/uploads\/refs\/KOKI\/KOKI_B1-B4-300x300.jpg\" width=\"300\" height=\"300\" alt=\"Tart\u00f3szerkezet tervez\u00e9s\">\n                        <div class=\"mask\">\n\n                                                            <p>Tart\u00f3szerkezet tervez\u00e9s<\/p>\n                            \n                                                        <span class=\"triangle\"><i class=\"fa fa-link\"><\/i><\/span>\n                        <\/div>\n                    <\/a>\n                                                                                    <a href=\"https:\/\/www.muep.hu\/?page_id=38\" class=\"mask-wrapper\" target=\"_self\">\n                        <img data-no-retina src=\"https:\/\/www.muep.hu\/wp-content\/uploads\/refs\/KOKI\/IMG_2170-e1535553021181-300x300.jpg\" width=\"300\" height=\"300\" alt=\"\u00c9p\u00edt\u00e9szeti tervez\u00e9s\">\n                        <div class=\"mask\">\n\n                                                            <p>\u00c9p\u00edt\u00e9szeti tervez\u00e9s<\/p>\n                            \n                                                        <span class=\"triangle\"><i class=\"fa fa-link\"><\/i><\/span>\n                        <\/div>\n                    <\/a>\n                                                                                    <a href=\"https:\/\/www.muep.hu\/?page_id=27\" class=\"mask-wrapper\" target=\"_self\">\n                        <img data-no-retina src=\"https:\/\/www.muep.hu\/wp-content\/uploads\/_MUEP\/shutterstock_175786871-e1535454358902-300x300.jpg\" width=\"300\" height=\"300\" alt=\"\u00c9p\u00edt\u0151ipari szak\u00e9rt\u00e9s, szaktan\u00e1csad\u00e1s\">\n                        <div class=\"mask\">\n\n                                                            <p>\u00c9p\u00edt\u0151ipari szak\u00e9rt\u00e9s, szaktan\u00e1csad\u00e1s<\/p>\n                            \n                                                        <span class=\"triangle\"><i class=\"fa fa-link\"><\/i><\/span>\n                        <\/div>\n                    <\/a>\n                                        <\/div>\n<\/div><\/div>\n\n\n<div class=\"row\">\n\t\n\n<div class=\"col-xs-12 col-sm-12\" style=\"background: transparent  \">\n\t<script type=\"text\/javascript\">\n    jQuery('document').ready(function () {\n        \/\/Main slider\n        \/\/-----------------------------------------------\n        if (jQuery(\"#flexslider-69fb2f36c4350.slideshow .flexslider\").length>0) {\n            if (!Modernizr.touch) {\n                jQuery(window).load(function() {\n                    jQuery('#flexslider-69fb2f36c4350.slideshow .flexslider').flexslider({\n                        prevText: \"\",\n                        nextText: \"\",\n                        useCSS: false,\n                        animation: \"fade\",\n                        touch: false,\n                        controlNav: false,                        directionNav: false,                        slideshow : false,                        start: function(slider){\n                            slider.removeClass(\"loading\");\n                            if (Modernizr.csstransitions) {\n                                setTimeout(function() {\n                                    captionAnimation = jQuery(\".slideshow .flex-active-slide .caption\").attr(\"data-caption-effect\");\n                                    jQuery('.slideshow .caption').addClass(\" animated object-visible \" + captionAnimation);\n                                }, 100);\n                            };\n                        },\n                        before: function(slider){\n                            if (Modernizr.csstransitions) {\n                                setTimeout(function() {\n                                    jQuery('.slideshow .caption').removeClass(\" animated object-visible \" + captionAnimation);\n                                }, 100);\n                            };\n                        },\n                        after: function(slider){\n                            if (Modernizr.csstransitions) {\n                                setTimeout(function() {\n                                    captionAnimation = jQuery(\".slideshow .flex-active-slide .caption\").attr(\"data-caption-effect\");\n                                    jQuery('.slideshow .caption').addClass(\" animated object-visible \" + captionAnimation);\n                                }, 100);\n                            };\n                        }\n                    });\n                });\n            } else {\n                jQuery(window).load(function() {\n                    jQuery('#flexslider-69fb2f36c4350.slideshow .flexslider').flexslider({\n                        prevText: \"\",\n                        nextText: \"\",\n                        useCSS: false,\n                        animation: \"fade\",\n                        controlNav: false,                        directionNav: false,                        slideshow : false,                        start: function(slider){\n                            slider.removeClass(\"loading\");\n                            if (Modernizr.csstransitions) {\n                                setTimeout(function() {\n                                    captionAnimation = jQuery(\".slideshow .flex-active-slide .caption\").attr(\"data-caption-effect\");\n                                    jQuery('.slideshow .caption').addClass(\" animated object-visible \" + captionAnimation);\n                                }, 100);\n                            };\n                        },\n                        before: function(slider){\n                            if (Modernizr.csstransitions) {\n                                setTimeout(function() {\n                                    jQuery('.slideshow .caption').removeClass(\" animated object-visible \" + captionAnimation);\n                                }, 100);\n                            };\n                        },\n                        after: function(slider){\n                            if (Modernizr.csstransitions) {\n                                setTimeout(function() {\n                                    captionAnimation = jQuery(\".slideshow .flex-active-slide .caption\").attr(\"data-caption-effect\");\n                                    jQuery('.slideshow .caption').addClass(\" animated object-visible \" + captionAnimation);\n                                }, 100);\n                            };\n                        }\n                    });\n                });\n            }\n\n            \/\/Full width Slider\n            \/\/-----------------------------------------------\n\n            if (jQuery(\"[data-slider-height]\").length>0) {\n                var initialHeight = jQuery(\"#flexslider-69fb2f36c4350.fullwidth .flexslider\").attr(\"data-slider-height\");\n            } else {\n                var initialHeight = \"540\";\n            }\n            var initialWidth = \"1140\",\n                ratio = initialHeight\/initialWidth,\n                windowsize = jQuery(window).width();\n            if (jQuery(window).width() < 1140) {\n                jQuery('#flexslider-69fb2f36c4350.slideshow.fullwidth').css(\"height\", windowsize*ratio );\n                jQuery('#flexslider-69fb2f36c4350.slideshow.fullwidth .flexslider').css(\"height\", windowsize*ratio );\n                jQuery('#flexslider-69fb2f36c4350.slideshow.fullwidth .flexslider .slides>li').css(\"height\", windowsize*ratio );\n                jQuery('#flexslider-69fb2f36c4350.slideshow.fullwidth .flexslider .caption-wrapper').css(\"height\", windowsize*ratio );\n            } else {\n                jQuery('#flexslider-69fb2f36c4350.slideshow.fullwidth').css(\"height\", initialHeight );\n                jQuery('#flexslider-69fb2f36c4350.slideshow.fullwidth .flexslider').css(\"height\", initialHeight );\n                jQuery('#flexslider-69fb2f36c4350.slideshow.fullwidth .flexslider .slides>li').css(\"height\", initialHeight );\n                jQuery('#flexslider-69fb2f36c4350.slideshow.fullwidth .flexslider .caption-wrapper').css(\"height\", initialHeight );\n            }\n\n            jQuery(window).resize(function() {\n                if (jQuery(\"[data-slider-height]\").length>0) {\n                    var initialHeight = jQuery(\"#flexslider-69fb2f36c4350.fullwidth .flexslider\").attr(\"data-slider-height\");\n                } else {\n                    var initialHeight = \"540\";\n                }\n                var initialWidth = \"1140\",\n                    ratio = initialHeight\/initialWidth,\n                    windowsize = jQuery(window).width();\n                if (jQuery(window).width() < 1140) {\n                    jQuery('#flexslider-69fb2f36c4350.slideshow.fullwidth').css(\"height\", windowsize*ratio );\n                    jQuery('#flexslider-69fb2f36c4350.slideshow.fullwidth .flexslider').css(\"height\", windowsize*ratio );\n                    jQuery('#flexslider-69fb2f36c4350.slideshow.fullwidth .flexslider .slides>li').css(\"height\", windowsize*ratio );\n                    jQuery('#flexslider-69fb2f36c4350.slideshow.fullwidth .flexslider .caption-wrapper').css(\"height\", windowsize*ratio );\n                } else {\n                    jQuery('#flexslider-69fb2f36c4350.slideshow.fullwidth').css(\"height\", initialHeight );\n                    jQuery('#flexslider-69fb2f36c4350.slideshow.fullwidth .flexslider').css(\"height\", initialHeight );\n                    jQuery('#flexslider-69fb2f36c4350.slideshow.fullwidth .flexslider .slides>li').css(\"height\", initialHeight );\n                    jQuery('#flexslider-69fb2f36c4350.slideshow.fullwidth .flexslider .caption-wrapper').css(\"height\", initialHeight );\n                }\n            });\n        };\n    });\n<\/script>\n    <script>\n        jQuery('document').ready(function ($) {\n            if ($('.owl-carousel-69fb2f36c4396').length > 0) {\n                $(\".owl-carousel-69fb2f36c4396\").owlCarousel({\n                    navigationText: false,\n                    singleItem : false, items : 4, itemsDesktop : [1199,3], itemsDesktopSmall : [991,2],                    pagination: false,                                                        });\n            }\n        });\n    <\/script>\n    <div class=\"img-boxes owl-carousel-69fb2f36c4396 brands  owl-theme\">\n                                                        <a href=\"https:\/\/www.muep.hu\/?page_id=1136\" class=\"mask-wrapper\" target=\"_self\">\n                        <img data-no-retina src=\"https:\/\/www.muep.hu\/wp-content\/uploads\/_MUEP\/shutterstock_57862405-e1535454253655-300x300.jpg\" width=\"300\" height=\"300\" alt=\"Beruh\u00e1z\u00e1s-lebonyol\u00edt\u00e1s\">\n                        <div class=\"mask\">\n\n                                                            <p>Beruh\u00e1z\u00e1s-lebonyol\u00edt\u00e1s<\/p>\n                            \n                                                        <span class=\"triangle\"><i class=\"fa fa-link\"><\/i><\/span>\n                        <\/div>\n                    <\/a>\n                                                                                    <a href=\"https:\/\/www.muep.hu\/?page_id=1162\" class=\"mask-wrapper\" target=\"_self\">\n                        <img data-no-retina src=\"https:\/\/www.muep.hu\/wp-content\/uploads\/_MUEP\/shutterstock_147492662-e1535454416678-300x300.jpg\" width=\"300\" height=\"300\" alt=\"Tervez\u0151i m\u0171vezet\u00e9s\">\n                        <div class=\"mask\">\n\n                                                            <p>Tervez\u0151i m\u0171vezet\u00e9s<\/p>\n                            \n                                                        <span class=\"triangle\"><i class=\"fa fa-link\"><\/i><\/span>\n                        <\/div>\n                    <\/a>\n                                                                                    <a href=\"https:\/\/www.muep.hu\/?page_id=1140\" class=\"mask-wrapper\" target=\"_self\">\n                        <img data-no-retina src=\"https:\/\/www.muep.hu\/wp-content\/uploads\/refs\/KOKI\/L1140410-e1535552541754-300x300.jpg\" width=\"300\" height=\"300\" alt=\"M\u0171szaki ellen\u0151rz\u00e9s\">\n                        <div class=\"mask\">\n\n                                                            <p>M\u0171szaki ellen\u0151rz\u00e9s<\/p>\n                            \n                                                        <span class=\"triangle\"><i class=\"fa fa-link\"><\/i><\/span>\n                        <\/div>\n                    <\/a>\n                                                                                    <a href=\"https:\/\/www.muep.hu\/?page_id=31\" class=\"mask-wrapper\" target=\"_self\">\n                        <img data-no-retina src=\"https:\/\/www.muep.hu\/wp-content\/uploads\/refs\/Tunderpalota\/Tunderp_06-300x300.jpg\" width=\"300\" height=\"300\" alt=\"\u00c9p\u00fcletenergetika\">\n                        <div class=\"mask\">\n\n                                                            <p>\u00c9p\u00fcletenergetika<\/p>\n                            \n                                                        <span class=\"triangle\"><i class=\"fa fa-link\"><\/i><\/span>\n                        <\/div>\n                    <\/a>\n                                        <\/div>\n<\/div><\/div>\n\n                <\/section>\n            <\/div>\n                    <\/div>\n    \n","protected":false},"excerpt":{"rendered":"<p>Gener\u00e1l tervez\u00e9s Tart\u00f3szerkezet tervez\u00e9s \u00c9p\u00edt\u00e9szeti tervez\u00e9s \u00c9p\u00edt\u0151ipari szak\u00e9rt\u00e9s, szaktan\u00e1csad\u00e1s Beruh\u00e1z\u00e1s-lebonyol\u00edt\u00e1s Tervez\u0151i m\u0171vezet\u00e9s M\u0171szaki ellen\u0151rz\u00e9s \u00c9p\u00fcletenergetika<\/p>\n","protected":false},"author":3,"featured_media":0,"parent":0,"menu_order":0,"comment_status":"closed","ping_status":"closed","template":"","meta":{"footnotes":""},"_links":{"self":[{"href":"https:\/\/www.muep.hu\/index.php?rest_route=\/wp\/v2\/pages\/8"}],"collection":[{"href":"https:\/\/www.muep.hu\/index.php?rest_route=\/wp\/v2\/pages"}],"about":[{"href":"https:\/\/www.muep.hu\/index.php?rest_route=\/wp\/v2\/types\/page"}],"author":[{"embeddable":true,"href":"https:\/\/www.muep.hu\/index.php?rest_route=\/wp\/v2\/users\/3"}],"replies":[{"embeddable":true,"href":"https:\/\/www.muep.hu\/index.php?rest_route=%2Fwp%2Fv2%2Fcomments&post=8"}],"version-history":[{"count":24,"href":"https:\/\/www.muep.hu\/index.php?rest_route=\/wp\/v2\/pages\/8\/revisions"}],"predecessor-version":[{"id":1868,"href":"https:\/\/www.muep.hu\/index.php?rest_route=\/wp\/v2\/pages\/8\/revisions\/1868"}],"wp:attachment":[{"href":"https:\/\/www.muep.hu\/index.php?rest_route=%2Fwp%2Fv2%2Fmedia&parent=8"}],"curies":[{"name":"wp","href":"https:\/\/api.w.org\/{rel}","templated":true}]}}