{"id":38,"date":"2015-02-18T17:02:45","date_gmt":"2015-02-18T17:02:45","guid":{"rendered":"http:\/\/www.muep.hu\/?page_id=38"},"modified":"2018-09-07T10:18:13","modified_gmt":"2018-09-07T08:18:13","slug":"epiteszet","status":"publish","type":"page","link":"https:\/\/www.muep.hu\/?page_id=38","title":{"rendered":"\u00c9p\u00edt\u00e9szeti tervez\u00e9s"},"content":{"rendered":"\n            <div class=\"glacier-section\" style=\"padding-top: 0px; padding-bottom: 45px; \" id=\"section-589a215c850b4\">\n            <div class=\"container\">\n                <section>\n                    \n<div class=\"row\">\n\t\n\n<div class=\"col-xs-12 col-sm-12\" style=\"background: transparent  \">\n\t\n<div class=\"heading-block text-left heading-block-line\">\n\t<h2 class=\"special-heading\" >\u00c9P\u00cdT\u00c9SZETI TERVEZ\u00c9S<\/h2>\n\t<\/div><\/div><\/div>\n\n\n<div class=\"row\">\n\t\n\n<div class=\"col-xs-12 col-sm-12\" style=\"background: transparent  \">\n\t<div class=\"text-block shortcode-container\" style=\"font-size: 16px;\">\n\t<p>\u00c9p\u00edt\u00e9szeti tervez\u00e9sben alapelv\u00fcnk az \u00e9p\u00edttet\u0151 \u00e1ltal megfogalmazott funkci\u00f3 olyan \u00e9p\u00fcletben val\u00f3 megtestes\u00edt\u00e9se, amely <strong>hossz\u00fa t\u00e1von<\/strong> lehet \u00e9p\u00edtett k\u00f6rnyezet\u00fcnk <strong>sz\u00ednvonalas<\/strong> eleme \u00e9s <strong>racion\u00e1lisan, fenntarthat\u00f3 m\u00f3don<\/strong> szolg\u00e1lja haszn\u00e1l\u00f3i ig\u00e9nyeit. \u00c9p\u00edt\u00e9szeti tervez\u00e9si munk\u00e1inkat gyakran komplex tervez\u00e9si megb\u00edz\u00e1s keret\u00e9ben v\u00e9gezz\u00fck, hiszen \u00edgy tud kiteljesedni legjobban a <strong>felel\u0151s alkot\u00f3 folyamat<\/strong>, amely mindenben az \u00e9p\u00edttet\u0151t szolg\u00e1lja. A tervez\u00e9si folyamatot <strong>3D modellez\u00e9s<\/strong> t\u00e1mogatja, nyitottak vagyunk <strong>BIM<\/strong> technol\u00f3gi\u00e1val val\u00f3 egy\u00fcttm\u0171k\u00f6d\u00e9sre is.<\/p><\/div><\/div><\/div>\n\n\n<div class=\"row\">\n\t\n\n<div class=\"col-xs-12 col-sm-12\" style=\"background: transparent  \">\n\t    <div class=\"grid-space-10\">\n                    <div class=\"gallery-item col-xs-4 col-sm-4 col-md-4  object-non-visible\" data-animation-effect=\"zoom-in\" data-effect-delay=\"0\" >\n                                                    <div class=\"mask-wrapper\">\n                        <img data-no-retina src=\"https:\/\/www.muep.hu\/wp-content\/uploads\/refs\/KOKI\/IMG_2170-e1535553021181-300x300.jpg\" alt=\"\">\n                                            <\/div>\n                            <\/div>\n                    <div class=\"gallery-item col-xs-4 col-sm-4 col-md-4  object-non-visible\" data-animation-effect=\"zoom-in\" data-effect-delay=\"100\" >\n                                                    <div class=\"mask-wrapper\">\n                        <img data-no-retina src=\"https:\/\/www.muep.hu\/wp-content\/uploads\/refs\/Tunderpalota\/Tunderp_09-300x300.jpg\" alt=\"\">\n                                            <\/div>\n                            <\/div>\n                    <div class=\"gallery-item col-xs-4 col-sm-4 col-md-4  object-non-visible\" data-animation-effect=\"zoom-in\" data-effect-delay=\"200\" >\n                                                    <div class=\"mask-wrapper\">\n                        <img data-no-retina src=\"https:\/\/www.muep.hu\/wp-content\/uploads\/refs\/EPK\/EPK_07-300x300.jpg\" alt=\"\">\n                                            <\/div>\n                            <\/div>\n                    <div class=\"gallery-item col-xs-4 col-sm-4 col-md-4  object-non-visible\" data-animation-effect=\"zoom-in\" data-effect-delay=\"300\" >\n                                                    <div class=\"mask-wrapper\">\n                        <img data-no-retina src=\"https:\/\/www.muep.hu\/wp-content\/uploads\/slides\/KOKI-E_epulet_bw_cleared-e1535552130874-300x300.jpg\" alt=\"\">\n                                            <\/div>\n                            <\/div>\n                    <div class=\"gallery-item col-xs-4 col-sm-4 col-md-4  object-non-visible\" data-animation-effect=\"zoom-in\" data-effect-delay=\"400\" >\n                                                    <div class=\"mask-wrapper\">\n                        <img data-no-retina src=\"https:\/\/www.muep.hu\/wp-content\/uploads\/refs\/Tunderpalota\/Tunderp_06-300x300.jpg\" alt=\"\">\n                                            <\/div>\n                            <\/div>\n                    <div class=\"gallery-item col-xs-4 col-sm-4 col-md-4  object-non-visible\" data-animation-effect=\"zoom-in\" data-effect-delay=\"500\" >\n                                                    <div class=\"mask-wrapper\">\n                        <img data-no-retina src=\"https:\/\/www.muep.hu\/wp-content\/uploads\/refs\/KOKI\/P1080684-e1535552918747-300x300.jpg\" alt=\"\">\n                                            <\/div>\n                            <\/div>\n            <\/div>\n<\/div><\/div>\n\n                <\/section>\n            <\/div>\n                    <\/div>\n    \n","protected":false},"excerpt":{"rendered":"<p>\u00c9P\u00cdT\u00c9SZETI TERVEZ\u00c9S \u00c9p\u00edt\u00e9szeti tervez\u00e9sben alapelv\u00fcnk az \u00e9p\u00edttet\u0151 \u00e1ltal megfogalmazott funkci\u00f3 olyan \u00e9p\u00fcletben val\u00f3 megtestes\u00edt\u00e9se, amely hossz\u00fa t\u00e1von lehet \u00e9p\u00edtett k\u00f6rnyezet\u00fcnk sz\u00ednvonalas eleme \u00e9s racion\u00e1lisan, fenntarthat\u00f3 m\u00f3don szolg\u00e1lja haszn\u00e1l\u00f3i ig\u00e9nyeit. \u00c9p\u00edt\u00e9szeti tervez\u00e9si munk\u00e1inkat gyakran komplex tervez\u00e9si megb\u00edz\u00e1s keret\u00e9ben v\u00e9gezz\u00fck, hiszen \u00edgy tud kiteljesedni legjobban a felel\u0151s alkot\u00f3 folyamat, amely mindenben az \u00e9p\u00edttet\u0151t szolg\u00e1lja. A tervez\u00e9si folyamatot [&hellip;]<\/p>\n","protected":false},"author":3,"featured_media":0,"parent":8,"menu_order":0,"comment_status":"open","ping_status":"open","template":"","meta":{"footnotes":""},"_links":{"self":[{"href":"https:\/\/www.muep.hu\/index.php?rest_route=\/wp\/v2\/pages\/38"}],"collection":[{"href":"https:\/\/www.muep.hu\/index.php?rest_route=\/wp\/v2\/pages"}],"about":[{"href":"https:\/\/www.muep.hu\/index.php?rest_route=\/wp\/v2\/types\/page"}],"author":[{"embeddable":true,"href":"https:\/\/www.muep.hu\/index.php?rest_route=\/wp\/v2\/users\/3"}],"replies":[{"embeddable":true,"href":"https:\/\/www.muep.hu\/index.php?rest_route=%2Fwp%2Fv2%2Fcomments&post=38"}],"version-history":[{"count":13,"href":"https:\/\/www.muep.hu\/index.php?rest_route=\/wp\/v2\/pages\/38\/revisions"}],"predecessor-version":[{"id":1816,"href":"https:\/\/www.muep.hu\/index.php?rest_route=\/wp\/v2\/pages\/38\/revisions\/1816"}],"up":[{"embeddable":true,"href":"https:\/\/www.muep.hu\/index.php?rest_route=\/wp\/v2\/pages\/8"}],"wp:attachment":[{"href":"https:\/\/www.muep.hu\/index.php?rest_route=%2Fwp%2Fv2%2Fmedia&parent=38"}],"curies":[{"name":"wp","href":"https:\/\/api.w.org\/{rel}","templated":true}]}}