{"id":31,"date":"2015-02-18T16:57:32","date_gmt":"2015-02-18T16:57:32","guid":{"rendered":"http:\/\/www.muep.hu\/?page_id=31"},"modified":"2018-09-07T10:22:20","modified_gmt":"2018-09-07T08:22:20","slug":"energetika","status":"publish","type":"page","link":"https:\/\/www.muep.hu\/?page_id=31","title":{"rendered":"\u00c9p\u00fcletenergetika"},"content":{"rendered":"\n            <div class=\"glacier-section\" style=\"padding-top: 0px; padding-bottom: 45px; \" id=\"section-589a22c3d4005\">\n            <div class=\"container\">\n                <section>\n                    \n<div class=\"row\">\n\t\n\n<div class=\"col-xs-12 col-sm-12\" style=\"background: transparent  \">\n\t\n<div class=\"heading-block text-left heading-block-line\">\n\t<h2 class=\"special-heading\" >\u00c9P\u00dcLETENERGETIKA<\/h2>\n\t<\/div><\/div><\/div>\n\n\n<div class=\"row\">\n\t\n\n<div class=\"col-xs-12 col-sm-12\" style=\"background: transparent  \">\n\t<div class=\"text-block shortcode-container\" style=\"font-size: 16px;\">\n\t<p>Az \u00e9p\u00fcletek energetikai sz\u00ednvonala kiemelt szempontt\u00e1 v\u00e1lt, mind <strong>\u00faj \u00e9p\u00fcletek<\/strong>, mind <strong>fel\u00faj\u00edt\u00e1sok<\/strong> eset\u00e9n. Fokozottan figyel\u00fcnk az \u00e1ltalunk tervezett \u00e9p\u00fcletek, m\u0171szaki megold\u00e1sok energetikai hat\u00e9konys\u00e1g\u00e1ra. Meggy\u0151z\u0151d\u00e9s\u00fcnk, hogy <strong>az energetikailag j\u00f3 \u00e9p\u00fclet az \u00e9p\u00edt\u00e9szeti megold\u00e1sokn\u00e1l kezd\u0151dik<\/strong>, \u00e9s ezt eg\u00e9sz\u00edtik ki a megfelel\u0151en megv\u00e1lasztott f\u0171t\u00e9si, h\u0171t\u00e9si, l\u00e9gtechnikai \u00e9s \u00e9p\u00fcletautomatiz\u00e1l\u00e1si rendszerek. <strong>Megl\u00e9v\u0151 \u00e9p\u00fcletek fel\u00faj\u00edt\u00e1sa<\/strong> sor\u00e1n is kiemelt szerepet kaphat vagy \u00e9ppen k\u00f6zponti elem lehet az energetika (m\u0171eml\u00e9kek eset\u00e9n is).<br \/>V\u00e1llaljuk fel\u00faj\u00edt\u00e1sok energetikai p\u00e1ly\u00e1zattal kombin\u00e1lt el\u0151k\u00e9sz\u00edt\u00e9s\u00e9t is.<\/p><\/div><\/div><\/div>\n\n\n<div class=\"row\">\n\t\n\n<div class=\"col-xs-12 col-sm-12\" style=\"background: transparent  \">\n\t    <div class=\"grid-space-10\">\n                    <div class=\"gallery-item col-xs-6 col-sm-6 col-md-6  object-non-visible\" data-animation-effect=\"fade-in-left-large\" data-effect-delay=\"0\" >\n                                                    <a href=\"https:\/\/www.muep.hu\/wp-content\/uploads\/refs\/Tunderpalota\/Tunderp_08.jpg\" class=\"mask-wrapper popup-img\" title=\"\">\n                        <img data-no-retina src=\"https:\/\/www.muep.hu\/wp-content\/uploads\/refs\/Tunderpalota\/Tunderp_08-800x600.jpg\" alt=\"\">\n                        <span class=\"mask\"><\/span>\n                                            <\/a>\n                            <\/div>\n                    <div class=\"gallery-item col-xs-6 col-sm-6 col-md-6  object-non-visible\" data-animation-effect=\"fade-in-left-large\" data-effect-delay=\"100\" >\n                                                    <a href=\"https:\/\/www.muep.hu\/wp-content\/uploads\/refs\/EPK\/EPK_08.jpg\" class=\"mask-wrapper popup-img\" title=\"\">\n                        <img data-no-retina src=\"https:\/\/www.muep.hu\/wp-content\/uploads\/refs\/EPK\/EPK_08-800x600.jpg\" alt=\"\">\n                        <span class=\"mask\"><\/span>\n                                            <\/a>\n                            <\/div>\n            <\/div>\n<\/div><\/div>\n\n                <\/section>\n            <\/div>\n                    <\/div>\n    \n","protected":false},"excerpt":{"rendered":"<p>\u00c9P\u00dcLETENERGETIKA Az \u00e9p\u00fcletek energetikai sz\u00ednvonala kiemelt szempontt\u00e1 v\u00e1lt, mind \u00faj \u00e9p\u00fcletek, mind fel\u00faj\u00edt\u00e1sok eset\u00e9n. Fokozottan figyel\u00fcnk az \u00e1ltalunk tervezett \u00e9p\u00fcletek, m\u0171szaki megold\u00e1sok energetikai hat\u00e9konys\u00e1g\u00e1ra. Meggy\u0151z\u0151d\u00e9s\u00fcnk, hogy az energetikailag j\u00f3 \u00e9p\u00fclet az \u00e9p\u00edt\u00e9szeti megold\u00e1sokn\u00e1l kezd\u0151dik, \u00e9s ezt eg\u00e9sz\u00edtik ki a megfelel\u0151en megv\u00e1lasztott f\u0171t\u00e9si, h\u0171t\u00e9si, l\u00e9gtechnikai \u00e9s \u00e9p\u00fcletautomatiz\u00e1l\u00e1si rendszerek. Megl\u00e9v\u0151 \u00e9p\u00fcletek fel\u00faj\u00edt\u00e1sa sor\u00e1n is kiemelt szerepet kaphat [&hellip;]<\/p>\n","protected":false},"author":3,"featured_media":1587,"parent":8,"menu_order":0,"comment_status":"closed","ping_status":"open","template":"","meta":{"footnotes":""},"_links":{"self":[{"href":"https:\/\/www.muep.hu\/index.php?rest_route=\/wp\/v2\/pages\/31"}],"collection":[{"href":"https:\/\/www.muep.hu\/index.php?rest_route=\/wp\/v2\/pages"}],"about":[{"href":"https:\/\/www.muep.hu\/index.php?rest_route=\/wp\/v2\/types\/page"}],"author":[{"embeddable":true,"href":"https:\/\/www.muep.hu\/index.php?rest_route=\/wp\/v2\/users\/3"}],"replies":[{"embeddable":true,"href":"https:\/\/www.muep.hu\/index.php?rest_route=%2Fwp%2Fv2%2Fcomments&post=31"}],"version-history":[{"count":14,"href":"https:\/\/www.muep.hu\/index.php?rest_route=\/wp\/v2\/pages\/31\/revisions"}],"predecessor-version":[{"id":1818,"href":"https:\/\/www.muep.hu\/index.php?rest_route=\/wp\/v2\/pages\/31\/revisions\/1818"}],"up":[{"embeddable":true,"href":"https:\/\/www.muep.hu\/index.php?rest_route=\/wp\/v2\/pages\/8"}],"wp:featuredmedia":[{"embeddable":true,"href":"https:\/\/www.muep.hu\/index.php?rest_route=\/wp\/v2\/media\/1587"}],"wp:attachment":[{"href":"https:\/\/www.muep.hu\/index.php?rest_route=%2Fwp%2Fv2%2Fmedia&parent=31"}],"curies":[{"name":"wp","href":"https:\/\/api.w.org\/{rel}","templated":true}]}}