{"id":23,"date":"2015-02-18T16:55:42","date_gmt":"2015-02-18T16:55:42","guid":{"rendered":"http:\/\/www.muep.hu\/?page_id=23"},"modified":"2018-09-07T09:41:12","modified_gmt":"2018-09-07T07:41:12","slug":"tartoszerk","status":"publish","type":"page","link":"https:\/\/www.muep.hu\/?page_id=23","title":{"rendered":"Tart\u00f3szerkezeti tervez\u00e9s"},"content":{"rendered":"\n            <div class=\"glacier-section\" style=\"padding-top: 0px; padding-bottom: 45px; \" id=\"section-58990711f1658\">\n            <div class=\"container\">\n                <section>\n                    \n<div class=\"row\">\n\t\n\n<div class=\"col-xs-12 col-sm-12\" style=\"background: transparent  \">\n\t\n<div class=\"heading-block text-left heading-block-line\">\n\t<h2 class=\"special-heading\" >TART\u00d3SZERKEZET-TERVEZ\u00c9S<\/h2>\n\t<\/div><\/div><\/div>\n\n\n<div class=\"row\">\n\t\n\n<div class=\"col-xs-12 col-sm-12\" style=\"background: transparent  \">\n\t<div class=\"text-block shortcode-container\" style=\"font-size: 16px;\">\n\t<p>A j\u00f3 tart\u00f3szerkezet kialak\u00edt\u00e1sa a <strong>biztons\u00e1g<\/strong>, a <strong>gazdas\u00e1goss\u00e1g<\/strong> \u00e9s gyakran az <strong>eszt\u00e9tikum<\/strong> egy\u00fcttese, a szerkezet hol rejtetten, hol mark\u00e1nsan megjelenve teljes\u00edti az \u00e9p\u00fcletekkel, \u00e9p\u00edtm\u00e9nyekkel szembeni legalapvet\u0151bb k\u00f6vetelm\u00e9nyt. Gener\u00e1l tervez\u00e9si feladataink r\u00e9szek\u00e9nt vagy \u00f6n\u00e1ll\u00f3 tervez\u00e9si feladat keret\u00e9ben az \u00e9p\u00edt\u00e9si technol\u00f3gi\u00e1ra is figyelve tervez\u00fcnk egyszer\u0171bb \u00e9s k\u00fcl\u00f6nleges szerkezeteket egyar\u00e1nt. A m\u00e9retez\u00e9si \u00e9s tervez\u00e9si feladatokat 3D-ben v\u00e9gezz\u00fck, <strong>BIM technol\u00f3gi\u00e1<\/strong>hoz illeszked\u0151 m\u00f3don.<\/p><p><strong>Ac\u00e9lszerkezetek<\/strong> tervez\u00e9s\u00e9ben a m\u00e9retez\u00e9shez, a szerkezeti \u00e9s \u00e9p\u00edt\u00e9stechnol\u00f3giai optimaliz\u00e1l\u00e1shoz szorosan kapcsol\u00f3dva k\u00e9sz\u00fclnek Tekla rendszerben BIM-alap\u00fa modelljeink, amelyekb\u0151l kiviteli tervet \u00e9s az ak\u00e1r NC-vez\u00e9rl\u00e9ssel kapcsolt gy\u00e1rtm\u00e1nytervet szolg\u00e1ltatjuk.<\/p><p><strong>Vasbetonszerkezetek<\/strong> tervez\u00e9s\u00e9t is a 3D \u00e9p\u00fcletmodellb\u0151l BIM-alap\u00fa modellel v\u00e9gezz\u00fck, amely a t\u00e9rbeli \u00e1ttekinthet\u0151s\u00e9gen fel\u00fcl a tervek hibamentess\u00e9g\u00e9t is nagy m\u00e9rt\u00e9kben szolg\u00e1lj\u00e1k.<\/p><p>Feladataink megold\u00e1sa \u00e9s \u00f6tleteink megval\u00f3s\u00edt\u00e1sa sor\u00e1n f\u0151k\u00e9nt TEKLA, Nemetschek ALLPLAN, Frilo, ArchiCAD, Axis VM, ConSteel, IDEA StatiCa szoftvereket haszn\u00e1lunk, megfelelve a k\u00fcl\u00f6nb\u00f6z\u0151 tervez\u00e9si ter\u00fcleteken \u00e9rv\u00e9nyes nemzeti szabv\u00e1nyoknak (EUROCODE, SNIP, GOST\u2026)<\/p><p>Partnereink: OL Industries, Vodafone, AUDI, Philip Morris, SHELL, ESSO, T-mobile, MOL, Kraft Foods, TESCO, OBI, ALDI, P\u00e9csi Tudom\u00e1nyegyetem, Igazs\u00e1g\u00fcgyi Miniszt\u00e9rium, Budapesti K\u00f6zleked\u00e9si V\u00e1llalat, Budapesti Nagycirkusz, stb.<\/p><\/div><\/div><\/div>\n\n\n<div class=\"row\">\n\t\n\n<div class=\"col-xs-12 col-sm-12\" style=\"background: transparent  \">\n\t    <div class=\"grid-space-10\">\n                    <div class=\"gallery-item col-xs-15 col-sm-15 col-md-15  object-non-visible\" data-animation-effect=\"fade-in-left-large\" data-effect-delay=\"0\" >\n                                                    <div class=\"mask-wrapper\">\n                        <img data-no-retina src=\"https:\/\/www.muep.hu\/wp-content\/uploads\/refs\/StuttgartS21\/S21_26-300x300.png\" alt=\"\">\n                                            <\/div>\n                            <\/div>\n                    <div class=\"gallery-item col-xs-15 col-sm-15 col-md-15  object-non-visible\" data-animation-effect=\"fade-in-left-large\" data-effect-delay=\"100\" >\n                                                    <div class=\"mask-wrapper\">\n                        <img data-no-retina src=\"https:\/\/www.muep.hu\/wp-content\/uploads\/refs\/StuttgartS21\/S21_25-300x300.png\" alt=\"\">\n                                            <\/div>\n                            <\/div>\n                    <div class=\"gallery-item col-xs-15 col-sm-15 col-md-15  object-non-visible\" data-animation-effect=\"fade-in-left-large\" data-effect-delay=\"200\" >\n                                                    <div class=\"mask-wrapper\">\n                        <img data-no-retina src=\"https:\/\/www.muep.hu\/wp-content\/uploads\/refs\/StuttgartS21\/S21_35-300x300.jpg\" alt=\"\">\n                                            <\/div>\n                            <\/div>\n                    <div class=\"gallery-item col-xs-15 col-sm-15 col-md-15  object-non-visible\" data-animation-effect=\"fade-in-left-large\" data-effect-delay=\"300\" >\n                                                    <div class=\"mask-wrapper\">\n                        <img data-no-retina src=\"https:\/\/www.muep.hu\/wp-content\/uploads\/refs\/KOKI\/L1110487-e1535454809905-300x300.jpg\" alt=\"\">\n                                            <\/div>\n                            <\/div>\n                    <div class=\"gallery-item col-xs-15 col-sm-15 col-md-15  object-non-visible\" data-animation-effect=\"fade-in-left-large\" data-effect-delay=\"400\" >\n                                                    <div class=\"mask-wrapper\">\n                        <img data-no-retina src=\"https:\/\/www.muep.hu\/wp-content\/uploads\/refs\/OSB-uzemVasarosnam\/OSBVas_37-300x300.jpg\" alt=\"\">\n                                            <\/div>\n                            <\/div>\n                    <div class=\"gallery-item col-xs-15 col-sm-15 col-md-15  object-non-visible\" data-animation-effect=\"fade-in-left-large\" data-effect-delay=\"500\" >\n                                                    <div class=\"mask-wrapper\">\n                        <img data-no-retina src=\"https:\/\/www.muep.hu\/wp-content\/uploads\/slides\/slider_vasarosnameny-e1535552373606-300x300.jpg\" alt=\"\">\n                                            <\/div>\n                            <\/div>\n                    <div class=\"gallery-item col-xs-15 col-sm-15 col-md-15  object-non-visible\" data-animation-effect=\"fade-in-left-large\" data-effect-delay=\"600\" >\n                                                    <div class=\"mask-wrapper\">\n                        <img data-no-retina src=\"https:\/\/www.muep.hu\/wp-content\/uploads\/refs\/BIODOM\/K\u00e9p12.png-e1535552186670-300x300.jpg\" alt=\"\">\n                                            <\/div>\n                            <\/div>\n                    <div class=\"gallery-item col-xs-15 col-sm-15 col-md-15  object-non-visible\" data-animation-effect=\"fade-in-left-large\" data-effect-delay=\"700\" >\n                                                    <div class=\"mask-wrapper\">\n                        <img data-no-retina src=\"https:\/\/www.muep.hu\/wp-content\/uploads\/refs\/OSB-uzemVasarosnam\/OSBVas_39-300x300.jpg\" alt=\"\">\n                                            <\/div>\n                            <\/div>\n                    <div class=\"gallery-item col-xs-15 col-sm-15 col-md-15  object-non-visible\" data-animation-effect=\"fade-in-left-large\" data-effect-delay=\"800\" >\n                                                    <div class=\"mask-wrapper\">\n                        <img data-no-retina src=\"https:\/\/www.muep.hu\/wp-content\/uploads\/refs\/OSB-uzemVasarosnam\/OSBVas_27-300x300.jpg\" alt=\"\">\n                                            <\/div>\n                            <\/div>\n                    <div class=\"gallery-item col-xs-15 col-sm-15 col-md-15  object-non-visible\" data-animation-effect=\"fade-in-left-large\" data-effect-delay=\"900\" >\n                                                    <div class=\"mask-wrapper\">\n                        <img data-no-retina src=\"https:\/\/www.muep.hu\/wp-content\/uploads\/refs\/AstExp\/AstExp_05-300x300.jpg\" alt=\"\">\n                                            <\/div>\n                            <\/div>\n            <\/div>\n<\/div><\/div>\n\n                <\/section>\n            <\/div>\n                    <\/div>\n    \n","protected":false},"excerpt":{"rendered":"<p>TART\u00d3SZERKEZET-TERVEZ\u00c9S A j\u00f3 tart\u00f3szerkezet kialak\u00edt\u00e1sa a biztons\u00e1g, a gazdas\u00e1goss\u00e1g \u00e9s gyakran az eszt\u00e9tikum egy\u00fcttese, a szerkezet hol rejtetten, hol mark\u00e1nsan megjelenve teljes\u00edti az \u00e9p\u00fcletekkel, \u00e9p\u00edtm\u00e9nyekkel szembeni legalapvet\u0151bb k\u00f6vetelm\u00e9nyt. Gener\u00e1l tervez\u00e9si feladataink r\u00e9szek\u00e9nt vagy \u00f6n\u00e1ll\u00f3 tervez\u00e9si feladat keret\u00e9ben az \u00e9p\u00edt\u00e9si technol\u00f3gi\u00e1ra is figyelve tervez\u00fcnk egyszer\u0171bb \u00e9s k\u00fcl\u00f6nleges szerkezeteket egyar\u00e1nt. A m\u00e9retez\u00e9si \u00e9s tervez\u00e9si feladatokat 3D-ben v\u00e9gezz\u00fck, [&hellip;]<\/p>\n","protected":false},"author":3,"featured_media":0,"parent":8,"menu_order":0,"comment_status":"closed","ping_status":"closed","template":"","meta":{"footnotes":""},"_links":{"self":[{"href":"https:\/\/www.muep.hu\/index.php?rest_route=\/wp\/v2\/pages\/23"}],"collection":[{"href":"https:\/\/www.muep.hu\/index.php?rest_route=\/wp\/v2\/pages"}],"about":[{"href":"https:\/\/www.muep.hu\/index.php?rest_route=\/wp\/v2\/types\/page"}],"author":[{"embeddable":true,"href":"https:\/\/www.muep.hu\/index.php?rest_route=\/wp\/v2\/users\/3"}],"replies":[{"embeddable":true,"href":"https:\/\/www.muep.hu\/index.php?rest_route=%2Fwp%2Fv2%2Fcomments&post=23"}],"version-history":[{"count":15,"href":"https:\/\/www.muep.hu\/index.php?rest_route=\/wp\/v2\/pages\/23\/revisions"}],"predecessor-version":[{"id":1809,"href":"https:\/\/www.muep.hu\/index.php?rest_route=\/wp\/v2\/pages\/23\/revisions\/1809"}],"up":[{"embeddable":true,"href":"https:\/\/www.muep.hu\/index.php?rest_route=\/wp\/v2\/pages\/8"}],"wp:attachment":[{"href":"https:\/\/www.muep.hu\/index.php?rest_route=%2Fwp%2Fv2%2Fmedia&parent=23"}],"curies":[{"name":"wp","href":"https:\/\/api.w.org\/{rel}","templated":true}]}}