{"id":1136,"date":"2017-12-18T02:28:33","date_gmt":"2017-12-18T00:28:33","guid":{"rendered":"http:\/\/www.muep.hu\/?page_id=1136"},"modified":"2018-08-31T16:42:08","modified_gmt":"2018-08-31T14:42:08","slug":"lebonyolitas","status":"publish","type":"page","link":"https:\/\/www.muep.hu\/?page_id=1136","title":{"rendered":"Lebonyol\u00edt\u00e1s"},"content":{"rendered":"\n            <div class=\"glacier-section\" style=\"padding-top: 0px; padding-bottom: 45px; \" id=\"section-589a215c850b4\">\n            <div class=\"container\">\n                <section>\n                    \n<div class=\"row\">\n\t\n\n<div class=\"col-xs-12 col-sm-12\" style=\"background: transparent  \">\n\t\n<div class=\"heading-block text-left heading-block-line\">\n\t<h2 class=\"special-heading\" >Lebonyol\u00edt\u00e1s<\/h2>\n\t<\/div><\/div><\/div>\n\n\n<div class=\"row\">\n\t\n\n<div class=\"col-xs-12 col-sm-12\" style=\"background: transparent  \">\n\t<div class=\"text-block shortcode-container\" style=\"font-size: 16px;\">\n\t<p>Egy l\u00e9tes\u00edtm\u00e9ny m\u0171szaki megval\u00f3s\u00edt\u00e1sa rendk\u00edv\u00fcl <strong>\u00f6sszetett folyamat<\/strong>, az eredm\u00e9nyess\u00e9ghez sok szerepl\u0151 munk\u00e1j\u00e1t kell <strong>hat\u00e9kony<\/strong>an \u00e9s el\u0151re l\u00e1t\u00f3 m\u00f3don, <strong>proakt\u00edv<\/strong>an \u00e9s az egyes szakter\u00fcletek saj\u00e1toss\u00e1gait ismerve \u00f6sszehangolni.<\/p><\/div><\/div><\/div>\n\n\n<div class=\"row\">\n\t\n\n<div class=\"col-xs-12 col-sm-12\" style=\"background: transparent  \">\n\t    <div class=\"grid-space-10\">\n                    <div class=\"gallery-item col-xs-4 col-sm-4 col-md-4  object-non-visible\" data-animation-effect=\"zoom-in\" data-effect-delay=\"0\" >\n                                                    <a href=\"https:\/\/www.muep.hu\/wp-content\/uploads\/_MUEP\/shutterstock_57862405-e1535454253655.jpg\" class=\"mask-wrapper popup-img\" title=\"Duis aute irure dolor in reprehenderit\">\n                        <img data-no-retina src=\"https:\/\/www.muep.hu\/wp-content\/uploads\/_MUEP\/shutterstock_57862405-e1535454253655-710x575.jpg\" alt=\"\">\n                        <span class=\"mask\"><\/span>\n                                            <\/a>\n                            <\/div>\n                    <div class=\"gallery-item col-xs-4 col-sm-4 col-md-4  object-non-visible\" data-animation-effect=\"zoom-in\" data-effect-delay=\"100\" >\n                                                    <a href=\"https:\/\/www.muep.hu\/wp-content\/uploads\/_MUEP\/shutterstock_110602445-e1535454214587.jpg\" class=\"mask-wrapper popup-img\" title=\"\">\n                        <img data-no-retina src=\"https:\/\/www.muep.hu\/wp-content\/uploads\/_MUEP\/shutterstock_110602445-e1535454214587-710x575.jpg\" alt=\"\">\n                        <span class=\"mask\"><\/span>\n                                            <\/a>\n                            <\/div>\n                    <div class=\"gallery-item col-xs-4 col-sm-4 col-md-4  object-non-visible\" data-animation-effect=\"zoom-in\" data-effect-delay=\"200\" >\n                                                    <a href=\"https:\/\/www.muep.hu\/wp-content\/uploads\/_MUEP\/shutterstock_73671775-e1535454240762.jpg\" class=\"mask-wrapper popup-img\" title=\"\">\n                        <img data-no-retina src=\"https:\/\/www.muep.hu\/wp-content\/uploads\/_MUEP\/shutterstock_73671775-e1535454240762-710x575.jpg\" alt=\"\">\n                        <span class=\"mask\"><\/span>\n                                            <\/a>\n                            <\/div>\n            <\/div>\n<\/div><\/div>\n\n                <\/section>\n            <\/div>\n                    <\/div>\n    \n","protected":false},"excerpt":{"rendered":"<p>Lebonyol\u00edt\u00e1s Egy l\u00e9tes\u00edtm\u00e9ny m\u0171szaki megval\u00f3s\u00edt\u00e1sa rendk\u00edv\u00fcl \u00f6sszetett folyamat, az eredm\u00e9nyess\u00e9ghez sok szerepl\u0151 munk\u00e1j\u00e1t kell hat\u00e9konyan \u00e9s el\u0151re l\u00e1t\u00f3 m\u00f3don, proakt\u00edvan \u00e9s az egyes szakter\u00fcletek saj\u00e1toss\u00e1gait ismerve \u00f6sszehangolni.<\/p>\n","protected":false},"author":3,"featured_media":0,"parent":8,"menu_order":0,"comment_status":"closed","ping_status":"closed","template":"","meta":{"footnotes":""},"_links":{"self":[{"href":"https:\/\/www.muep.hu\/index.php?rest_route=\/wp\/v2\/pages\/1136"}],"collection":[{"href":"https:\/\/www.muep.hu\/index.php?rest_route=\/wp\/v2\/pages"}],"about":[{"href":"https:\/\/www.muep.hu\/index.php?rest_route=\/wp\/v2\/types\/page"}],"author":[{"embeddable":true,"href":"https:\/\/www.muep.hu\/index.php?rest_route=\/wp\/v2\/users\/3"}],"replies":[{"embeddable":true,"href":"https:\/\/www.muep.hu\/index.php?rest_route=%2Fwp%2Fv2%2Fcomments&post=1136"}],"version-history":[{"count":8,"href":"https:\/\/www.muep.hu\/index.php?rest_route=\/wp\/v2\/pages\/1136\/revisions"}],"predecessor-version":[{"id":1703,"href":"https:\/\/www.muep.hu\/index.php?rest_route=\/wp\/v2\/pages\/1136\/revisions\/1703"}],"up":[{"embeddable":true,"href":"https:\/\/www.muep.hu\/index.php?rest_route=\/wp\/v2\/pages\/8"}],"wp:attachment":[{"href":"https:\/\/www.muep.hu\/index.php?rest_route=%2Fwp%2Fv2%2Fmedia&parent=1136"}],"curies":[{"name":"wp","href":"https:\/\/api.w.org\/{rel}","templated":true}]}}