{"id":29,"date":"2015-02-18T16:57:08","date_gmt":"2015-02-18T16:57:08","guid":{"rendered":"http:\/\/www.muep.hu\/?page_id=29"},"modified":"2018-09-05T15:00:41","modified_gmt":"2018-09-05T13:00:41","slug":"general","status":"publish","type":"page","link":"http:\/\/www.muep.hu\/?page_id=29","title":{"rendered":"Gener\u00e1ltervez\u00e9s"},"content":{"rendered":"\n            <div class=\"glacier-section\" style=\"padding-top: 0px; padding-bottom: 45px; \" id=\"section-589a2201aa24a\">\n            <div class=\"container\">\n                <section>\n                    \n<div class=\"row\">\n\t\n\n<div class=\"col-xs-12 col-sm-12\" style=\"background: transparent  \">\n\t\n<div class=\"heading-block text-left heading-block-line\">\n\t<h2 class=\"special-heading\" >GENER\u00c1LTERVEZ\u00c9S<\/h2>\n\t<\/div><\/div><\/div>\n\n\n<div class=\"row\">\n\t\n\n<div class=\"col-xs-12 col-sm-12\" style=\"background: transparent  \">\n\t<div class=\"text-block shortcode-container\" style=\"font-size: 16px;\">\n\t<p>A tervez\u00e9si folyamatok <strong>koordin\u00e1l\u00e1sa<\/strong> alapvet\u0151 fontoss\u00e1g\u00fa feladat, k\u00fcl\u00f6n\u00f6sen az \u00f6sszetett<strong> szak\u00e1gi megold\u00e1sok<\/strong>at ig\u00e9nyl\u0151 l\u00e9tes\u00edtm\u00e9nyekn\u00e9l. A koordin\u00e1l\u00e1st \u00e1ltal\u00e1ban az \u00e9p\u00edt\u00e9sz tervez\u0151 v\u00e9gzi. Az \u00e9p\u00edttet\u0151 sz\u00e1m\u00e1ra az egyeztet\u00e9s, a hat\u00e1rid\u0151k, a garanci\u00e1k \u00e9s t\u00f6bb m\u00e1s szempont tekintet\u00e9ben is egyszer\u0171bb, ha az \u00f6sszes tervez\u00e9si feladat <strong>egy k\u00e9zben<\/strong>, egy tervez\u00e9si szerz\u0151d\u00e9s keret\u00e9ben \u00f6sszpontosul. Gener\u00e1l tervez\u00e9s keret\u00e9ben egys\u00e9gesen v\u00e1llalunk <strong>felel\u0151ss\u00e9g<\/strong>et a teljes <strong>komplex tervez\u00e9s<\/strong> v\u00e9gig vitel\u00e9re. K\u00e9szs\u00e9ggel v\u00e1llaljuk a tervez\u00e9si feladatok ell\u00e1t\u00e1s\u00e1t az alapgondolatokt\u00f3l a haszn\u00e1latbav\u00e9tel ut\u00e1ni garanci\u00e1lis id\u0151szak lez\u00e1r\u00e1s\u00e1ig.<\/p><\/div><\/div><\/div>\n\n\n<div class=\"row\">\n\t\n\n<div class=\"col-xs-12 col-sm-12\" style=\"background: transparent  \">\n\t    <div class=\"grid-space-10\">\n                    <div class=\"gallery-item col-xs-4 col-sm-4 col-md-4  object-non-visible\" data-animation-effect=\"fade-in-up-big\" data-effect-delay=\"0\" >\n                                                    <div class=\"mask-wrapper\">\n                        <img data-no-retina src=\"http:\/\/www.muep.hu\/wp-content\/uploads\/_MUEP\/shutterstock_212765824-e1535454384125-300x300.jpg\" alt=\"\">\n                                            <\/div>\n                            <\/div>\n                    <div class=\"gallery-item col-xs-4 col-sm-4 col-md-4  object-non-visible\" data-animation-effect=\"fade-in-up-big\" data-effect-delay=\"100\" >\n                                                    <div class=\"mask-wrapper\">\n                        <img data-no-retina src=\"http:\/\/www.muep.hu\/wp-content\/uploads\/refs\/KOKI\/K\u00d6KI_Termin\u00e1l_Funkci\u00f3_F\u00f6ldszint_090630_edited01_x-e1535552943735-300x300.jpg\" alt=\"\">\n                                            <\/div>\n                            <\/div>\n                    <div class=\"gallery-item col-xs-4 col-sm-4 col-md-4  object-non-visible\" data-animation-effect=\"fade-in-up-big\" data-effect-delay=\"200\" >\n                                                    <div class=\"mask-wrapper\">\n                        <img data-no-retina src=\"http:\/\/www.muep.hu\/wp-content\/uploads\/refs\/KOKI\/koki_bejarat_webrol-e1535454785902-300x300.jpg\" alt=\"\">\n                                            <\/div>\n                            <\/div>\n            <\/div>\n<\/div><\/div>\n\n                <\/section>\n            <\/div>\n                    <\/div>\n    \n","protected":false},"excerpt":{"rendered":"<p>GENER\u00c1LTERVEZ\u00c9S A tervez\u00e9si folyamatok koordin\u00e1l\u00e1sa alapvet\u0151 fontoss\u00e1g\u00fa feladat, k\u00fcl\u00f6n\u00f6sen az \u00f6sszetett szak\u00e1gi megold\u00e1sokat ig\u00e9nyl\u0151 l\u00e9tes\u00edtm\u00e9nyekn\u00e9l. A koordin\u00e1l\u00e1st \u00e1ltal\u00e1ban az \u00e9p\u00edt\u00e9sz tervez\u0151 v\u00e9gzi. Az \u00e9p\u00edttet\u0151 sz\u00e1m\u00e1ra az egyeztet\u00e9s, a hat\u00e1rid\u0151k, a garanci\u00e1k \u00e9s t\u00f6bb m\u00e1s szempont tekintet\u00e9ben is egyszer\u0171bb, ha az \u00f6sszes tervez\u00e9si feladat egy k\u00e9zben, egy tervez\u00e9si szerz\u0151d\u00e9s keret\u00e9ben \u00f6sszpontosul. Gener\u00e1l tervez\u00e9s keret\u00e9ben egys\u00e9gesen v\u00e1llalunk [&hellip;]<\/p>\n","protected":false},"author":3,"featured_media":0,"parent":8,"menu_order":0,"comment_status":"closed","ping_status":"open","template":"","meta":{"footnotes":""},"_links":{"self":[{"href":"http:\/\/www.muep.hu\/index.php?rest_route=\/wp\/v2\/pages\/29"}],"collection":[{"href":"http:\/\/www.muep.hu\/index.php?rest_route=\/wp\/v2\/pages"}],"about":[{"href":"http:\/\/www.muep.hu\/index.php?rest_route=\/wp\/v2\/types\/page"}],"author":[{"embeddable":true,"href":"http:\/\/www.muep.hu\/index.php?rest_route=\/wp\/v2\/users\/3"}],"replies":[{"embeddable":true,"href":"http:\/\/www.muep.hu\/index.php?rest_route=%2Fwp%2Fv2%2Fcomments&post=29"}],"version-history":[{"count":9,"href":"http:\/\/www.muep.hu\/index.php?rest_route=\/wp\/v2\/pages\/29\/revisions"}],"predecessor-version":[{"id":1722,"href":"http:\/\/www.muep.hu\/index.php?rest_route=\/wp\/v2\/pages\/29\/revisions\/1722"}],"up":[{"embeddable":true,"href":"http:\/\/www.muep.hu\/index.php?rest_route=\/wp\/v2\/pages\/8"}],"wp:attachment":[{"href":"http:\/\/www.muep.hu\/index.php?rest_route=%2Fwp%2Fv2%2Fmedia&parent=29"}],"curies":[{"name":"wp","href":"https:\/\/api.w.org\/{rel}","templated":true}]}}