{"id":2305,"date":"2020-12-15T20:57:11","date_gmt":"2020-12-15T18:57:11","guid":{"rendered":"http:\/\/www.muep.hu\/?page_id=2305"},"modified":"2022-08-24T09:51:53","modified_gmt":"2022-08-24T07:51:53","slug":"tamogatas","status":"publish","type":"page","link":"http:\/\/www.muep.hu\/?page_id=2305","title":{"rendered":"T\u00c1MOGAT\u00c1S"},"content":{"rendered":"\n            <div class=\"glacier-section\"  id=\"section-56683127b49a1\">\n            <div class=\"container\">\n                <section>\n                    \n<div class=\"row\">\n\t\n\n<div class=\"col-xs-12 col-sm-12\" style=\"background: transparent  top center no-repeat scroll;padding-top: 50px;padding-right: 50px;padding-bottom: 50px;padding-left: 50px;margin-top: 0px;margin-bottom: 0px;\">\n\t\n<div class=\"heading-block text-left heading-block-line\">\n\t<h2 class=\"special-heading\" >T\u00c1MOGAT\u00c1S<\/h2>\n\t<\/div><div class=\"text-block shortcode-container\" >\n\t<p><img class=\"size-medium wp-image-4494 alignright\" src=\"http:\/\/www.muep.hu\/wp-content\/uploads\/2022\/08\/Honlapra-infoblokk_ESZA_also-valtozat-300x207.jpg\" alt=\"\" width=\"300\" height=\"207\" \/><\/p><\/div><div class=\"text-block shortcode-container\" >\n\t<p>&nbsp;<\/p><p>&nbsp;<\/p><p>&nbsp;<\/p><ul><li>Kedvezm\u00e9nyezett neve: M\u0170\u00c9P \u00c9p\u00edt\u0151m\u00e9rn\u00f6ki Kft.<\/li><li>Projekt c\u00edme: \"Foglalkoztat\u00e1s b\u0151v\u00edt\u00e9se a M\u0170\u00c9P \u00c9p\u00edt\u0151m\u00e9rn\u00f6ki Kft-n\u00e9l\"<\/li><li>Szerz\u0151d\u00f6tt t\u00e1mogat\u00e1s \u00f6sszege: 41.160.000 Ft<\/li><li>T\u00e1mogat\u00e1s m\u00e9rt\u00e9ke: 70%<\/li><li>Projekt tartalm\u00e1nak bemutat\u00e1sa: Foglalkoztat\u00e1si l\u00e9tsz\u00e1m n\u00f6vel\u00e9se<\/li><li>Projekt tervezett befejez\u00e9si d\u00e1tuma: 2022.12.30.<\/li><li>Projekt azonos\u00edt\u00e1si sz\u00e1ma: GINOP-5.3.12-19-2020-00496<\/li><\/ul><p>A projekt keret\u00e9n bel\u00fcl 7 f\u0151vel b\u0151v\u00edtj\u00fck munka\u00e1llom\u00e1nyunkat Tisza\u00fajv\u00e1rosban. Magas sz\u00ednvonal\u00fa, \u00e9s azonnali reag\u00e1l\u00e1sra k\u00e9pes m\u00e9rn\u00f6ki jelenl\u00e9tet biztos\u00edtunk a MOL Polyol projektben munkahelyi \u00e9s tervez\u0151 m\u00e9rn\u00f6keinkkel. Munkat\u00e1rsaink k\u00f6zrem\u0171k\u00f6d\u00e9s\u00e9vel val\u00f3sul meg a MOL t\u00f6rt\u00e9net\u00e9nek legnagyobb organikus beruh\u00e1z\u00e1sa. Az elk\u00e9sz\u00fclt \u00fczem, 200 hossz\u00fat\u00e1v\u00fa, \u00faj munkahelyet teremt a borsodi r\u00e9gi\u00f3ban. Ezzel a beruh\u00e1z\u00e1ssal Magyarorsz\u00e1g a r\u00e9gi\u00f3s vegyipar egyik legfontosabb szerepl\u0151j\u00e9v\u00e9 l\u00e9p el\u0151. A projekt seg\u00edts\u00e9g\u00e9vel a v\u00e1llalkoz\u00e1sunk termel\u00e9kenys\u00e9ge n\u00f6vekszik, \u00e1rbev\u00e9tele emelkedik, \u00faj piacokra l\u00e9phet\u00fcnk be.<\/p><\/div><\/div><\/div>\n\n\n<div class=\"row\">\n\t\n\n<div class=\"col-xs-12 col-sm-12\" style=\"background: transparent  top center no-repeat scroll;padding-top: 50px;padding-right: 50px;padding-bottom: 50px;padding-left: 50px;margin-top: 0px;margin-bottom: 0px;\">\n\t\n<div class=\"heading-block text-left heading-block-line\">\n\t<h2 class=\"special-heading\" >T\u00c1MOGAT\u00c1S<\/h2>\n\t<\/div><div class=\"text-block shortcode-container\" >\n\t<p><img class=\"size-medium wp-image-4482 alignright\" src=\"http:\/\/www.muep.hu\/wp-content\/uploads\/2022\/08\/Infoblokk_sz2020_ERFA-300x207.jpg\" alt=\"\" width=\"300\" height=\"207\" \/><\/p><\/div><div class=\"text-block shortcode-container\" >\n\t<p>&nbsp;<\/p><p>&nbsp;<\/p><p>&nbsp;<\/p><ul><li>kedvezm\u00e9nyezett neve: M\u0170\u00c9P \u00c9p\u00edt\u0151m\u00e9rn\u00f6ki Kft.<\/li><li>A projekt c\u00edme: DIGITALIZ\u00c1LT M\u00c9RN\u00d6KI TEV\u00c9KENYS\u00c9GEK FEJLESZT\u00c9SE A M\u0170\u00c9P KFT.-N\u00c9L<\/li><li>A projekt azonos\u00edt\u00f3sz\u00e1ma: VEKOP-1.2.6-20-2020-00810<\/li><li>A szerz\u0151d\u00f6tt t\u00e1mogat\u00e1s \u00f6sszege: 9 463 048 Ft.<\/li><li>A t\u00e1mogat\u00e1s m\u00e9rt\u00e9ke: 70%<\/li><li>A projekt befejez\u00e9si d\u00e1tuma:\u00a0 2020. 11. 17.<\/li><li><p align=\"justify\">A projekt tartalm\u00e1nak r\u00f6vid bemutat\u00e1sa<i>:<\/i><\/p><\/li><\/ul><p align=\"justify\"><i><\/i>A tervek szok\u00e1sos digit\u00e1lis eszk\u00f6z\u00f6kkel val\u00f3 \u00e1tad\u00e1s\u00e1n t\u00fal a tervezett l\u00e9tes\u00edtm\u00e9nyt, szerkezetet nagyobb hat\u00e9konys\u00e1ggal \u00e9s eredm\u00e9nyess\u00e9ggel tudjuk bemutatni, vizu\u00e1lisan \u00e1tadni sz\u00ednes kidolgoz\u00e1s\u00fa nagyobb m\u00e9ret\u0171 poszterek \u00e9s tervlapok form\u00e1j\u00e1ban a nagy teljes\u00edtm\u00e9ny\u0171 modern A0 form\u00e1tum\u00fa, szil\u00e1rd tint\u00e1s nyomtat\u00f3 seg\u00edts\u00e9g\u00e9vel. A sz\u00ednvonalasabb \u00e9s \u00e1ttekinthet\u0151bb kimenet r\u00e9v\u00e9n ez emeli az elv\u00e9gzett munka hozz\u00e1adott \u00e9rt\u00e9k\u00e9t \u00e9s kedvez\u0151en hat az \u00e9rt\u00e9kes\u00edthet\u0151s\u00e9gre \u00e9s a piaci poz\u00edci\u00f3kra (tov\u00e1bbi v\u00e1rhat\u00f3 megrendel\u00e9sekre) egyar\u00e1nt.<\/p><p>A tervezett l\u00e9tes\u00edtm\u00e9nyek \u00e9s szerkezetek 3D-ben val\u00f3 (esetenk\u00e9nt BIM elemeket is alkalmaz\u00f3) bemutat\u00e1sa jelent\u0151sen megn\u00f6veli a bels\u0151 (tervez\u0151i) \u00e9s k\u00fcls\u0151 (megb\u00edz\u00f3i \u00e9s kivitelez\u0151i) egyeztet\u00e9sek hat\u00e9konys\u00e1g\u00e1t, ezzel jav\u00edtja a tervez\u00e9si munka eredm\u00e9nyess\u00e9g\u00e9t \u00e9s id\u0151beli \u00e1tfut\u00e1s\u00e1t. T\u00e1rgyal\u00e1sokon a statikus k\u00e9pi tartalmakon dinamikus 3D bemutat\u00e1sra is n\u00f6vekv\u0151 ig\u00e9ny mutatkozik. Ez\u00e9rt haszn\u00e1ljuk az \u00fajonnan beszerzett notebook-okat vizu\u00e1lis prezent\u00e1ci\u00f3khoz munk\u00e1nk sor\u00e1n.<\/p><div id=\"gtx-trans\" style=\"position: absolute; left: 107px; top: 295px;\"><div class=\"gtx-trans-icon\"><\/div><\/div><\/div><\/div><\/div>\n\n                <\/section>\n            <\/div>\n                    <\/div>\n    \n","protected":false},"excerpt":{"rendered":"<p>T\u00c1MOGAT\u00c1S &nbsp;&nbsp;&nbsp;Kedvezm\u00e9nyezett neve: M\u0170\u00c9P \u00c9p\u00edt\u0151m\u00e9rn\u00f6ki Kft.Projekt c\u00edme: &#8222;Foglalkoztat\u00e1s b\u0151v\u00edt\u00e9se a M\u0170\u00c9P \u00c9p\u00edt\u0151m\u00e9rn\u00f6ki Kft-n\u00e9l&#8221;Szerz\u0151d\u00f6tt t\u00e1mogat\u00e1s \u00f6sszege: 41.160.000 FtT\u00e1mogat\u00e1s m\u00e9rt\u00e9ke: 70%Projekt tartalm\u00e1nak bemutat\u00e1sa: Foglalkoztat\u00e1si l\u00e9tsz\u00e1m n\u00f6vel\u00e9seProjekt tervezett befejez\u00e9si d\u00e1tuma: 2022.12.30.Projekt azonos\u00edt\u00e1si sz\u00e1ma: GINOP-5.3.12-19-2020-00496A projekt keret\u00e9n bel\u00fcl 7 f\u0151vel b\u0151v\u00edtj\u00fck munka\u00e1llom\u00e1nyunkat Tisza\u00fajv\u00e1rosban. Magas sz\u00ednvonal\u00fa, \u00e9s azonnali reag\u00e1l\u00e1sra k\u00e9pes m\u00e9rn\u00f6ki jelenl\u00e9tet biztos\u00edtunk a MOL Polyol projektben munkahelyi \u00e9s tervez\u0151 [&hellip;]<\/p>\n","protected":false},"author":3,"featured_media":0,"parent":0,"menu_order":0,"comment_status":"closed","ping_status":"open","template":"","meta":{"footnotes":""},"_links":{"self":[{"href":"http:\/\/www.muep.hu\/index.php?rest_route=\/wp\/v2\/pages\/2305"}],"collection":[{"href":"http:\/\/www.muep.hu\/index.php?rest_route=\/wp\/v2\/pages"}],"about":[{"href":"http:\/\/www.muep.hu\/index.php?rest_route=\/wp\/v2\/types\/page"}],"author":[{"embeddable":true,"href":"http:\/\/www.muep.hu\/index.php?rest_route=\/wp\/v2\/users\/3"}],"replies":[{"embeddable":true,"href":"http:\/\/www.muep.hu\/index.php?rest_route=%2Fwp%2Fv2%2Fcomments&post=2305"}],"version-history":[{"count":28,"href":"http:\/\/www.muep.hu\/index.php?rest_route=\/wp\/v2\/pages\/2305\/revisions"}],"predecessor-version":[{"id":4498,"href":"http:\/\/www.muep.hu\/index.php?rest_route=\/wp\/v2\/pages\/2305\/revisions\/4498"}],"wp:attachment":[{"href":"http:\/\/www.muep.hu\/index.php?rest_route=%2Fwp%2Fv2%2Fmedia&parent=2305"}],"curies":[{"name":"wp","href":"https:\/\/api.w.org\/{rel}","templated":true}]}}