{"id":1162,"date":"2017-12-18T03:36:35","date_gmt":"2017-12-18T01:36:35","guid":{"rendered":"http:\/\/www.muep.hu\/?page_id=1162"},"modified":"2018-08-30T14:57:55","modified_gmt":"2018-08-30T12:57:55","slug":"tervezoi-muvezetes","status":"publish","type":"page","link":"http:\/\/www.muep.hu\/?page_id=1162","title":{"rendered":"Tervez\u0151i m\u0171vezet\u00e9s"},"content":{"rendered":"\n            <div class=\"glacier-section\" style=\"padding-top: 0px; padding-bottom: 45px; \" id=\"section-589a215c850b4\">\n            <div class=\"container\">\n                <section>\n                    \n<div class=\"row\">\n\t\n\n<div class=\"col-xs-12 col-sm-12\" style=\"background: transparent  \">\n\t\n<div class=\"heading-block text-left heading-block-line\">\n\t<h2 class=\"special-heading\" >TERVEZ\u0150I M\u0170VEZET\u00c9S<\/h2>\n\t<\/div><\/div><\/div>\n\n\n<div class=\"row\">\n\t\n\n<div class=\"col-xs-12 col-sm-12\" style=\"background: transparent  \">\n\t<div class=\"text-block shortcode-container\" style=\"font-size: 16px;\">\n\t<p>A tervez\u0151 <strong>akt\u00edv jelenl\u00e9t<\/strong>e a megval\u00f3s\u00edt\u00e1s id\u0151szak\u00e1ban <strong>t\u00e1mogatja<\/strong> a kivitelez\u00e9si folyamatot, seg\u00edti a m\u0171szaki ellen\u0151rz\u00e9st \u00e9s nagy m\u00e9rt\u00e9kben hozz\u00e1j\u00e1rul ahhoz, hogy a l\u00e9tes\u00edtm\u00e9ny <strong>hat\u00e9konyan<\/strong>, valamint az elv\u00e1rt m\u00f3don \u00e9s m\u0171szaki sz\u00ednvonalon val\u00f3suljon meg. \u00d6r\u00f6mmel v\u00e1llaljuk az \u00e1ltalunk tervezett \u00e9p\u00fcletek, \u00e9p\u00edtm\u00e9nyek kivitelez\u00e9se sor\u00e1n az \u00f6sszes szak\u00e1gra kiterjed\u0151 tervez\u0151i m\u0171vezet\u00e9st, szeretj\u00fck terveink megval\u00f3s\u00edt\u00e1s\u00e1t <strong>felel\u0151sen v\u00e9gig k\u00eds\u00e9rni<\/strong> eg\u00e9szen a haszn\u00e1latba v\u00e9telig.<\/p><\/div><\/div><\/div>\n\n\n<div class=\"row\">\n\t\n\n<div class=\"col-xs-12 col-sm-12\" style=\"background: transparent  \">\n\t    <div class=\"grid-space-10\">\n                    <div class=\"gallery-item col-xs-4 col-sm-4 col-md-4  object-non-visible\" data-animation-effect=\"fade-in\" data-effect-delay=\"0\" >\n                                                    <a href=\"http:\/\/www.muep.hu\/wp-content\/uploads\/_MUEP\/shutterstock_147492662-e1535454416678.jpg\" class=\"mask-wrapper popup-img\" title=\"\">\n                        <img data-no-retina src=\"http:\/\/www.muep.hu\/wp-content\/uploads\/_MUEP\/shutterstock_147492662-e1535454416678-495x400.jpg\" alt=\"\">\n                        <span class=\"mask\"><\/span>\n                                            <\/a>\n                            <\/div>\n                    <div class=\"gallery-item col-xs-4 col-sm-4 col-md-4  object-non-visible\" data-animation-effect=\"fade-in\" data-effect-delay=\"100\" >\n                                                    <a href=\"http:\/\/www.muep.hu\/wp-content\/uploads\/_MUEP\/shutterstock_57862405-e1535454253655.jpg\" class=\"mask-wrapper popup-img\" title=\"Duis aute irure dolor in reprehenderit\">\n                        <img data-no-retina src=\"http:\/\/www.muep.hu\/wp-content\/uploads\/_MUEP\/shutterstock_57862405-e1535454253655-495x400.jpg\" alt=\"\">\n                        <span class=\"mask\"><\/span>\n                                            <\/a>\n                            <\/div>\n                    <div class=\"gallery-item col-xs-4 col-sm-4 col-md-4  object-non-visible\" data-animation-effect=\"fade-in\" data-effect-delay=\"200\" >\n                                                    <a href=\"http:\/\/www.muep.hu\/wp-content\/uploads\/_MUEP\/shutterstock_73671775-e1535454240762.jpg\" class=\"mask-wrapper popup-img\" title=\"\">\n                        <img data-no-retina src=\"http:\/\/www.muep.hu\/wp-content\/uploads\/_MUEP\/shutterstock_73671775-e1535454240762-495x400.jpg\" alt=\"\">\n                        <span class=\"mask\"><\/span>\n                                            <\/a>\n                            <\/div>\n            <\/div>\n<\/div><\/div>\n\n                <\/section>\n            <\/div>\n                    <\/div>\n    \n","protected":false},"excerpt":{"rendered":"<p>TERVEZ\u0150I M\u0170VEZET\u00c9S A tervez\u0151 akt\u00edv jelenl\u00e9te a megval\u00f3s\u00edt\u00e1s id\u0151szak\u00e1ban t\u00e1mogatja a kivitelez\u00e9si folyamatot, seg\u00edti a m\u0171szaki ellen\u0151rz\u00e9st \u00e9s nagy m\u00e9rt\u00e9kben hozz\u00e1j\u00e1rul ahhoz, hogy a l\u00e9tes\u00edtm\u00e9ny hat\u00e9konyan, valamint az elv\u00e1rt m\u00f3don \u00e9s m\u0171szaki sz\u00ednvonalon val\u00f3suljon meg. \u00d6r\u00f6mmel v\u00e1llaljuk az \u00e1ltalunk tervezett \u00e9p\u00fcletek, \u00e9p\u00edtm\u00e9nyek kivitelez\u00e9se sor\u00e1n az \u00f6sszes szak\u00e1gra kiterjed\u0151 tervez\u0151i m\u0171vezet\u00e9st, szeretj\u00fck terveink megval\u00f3s\u00edt\u00e1s\u00e1t felel\u0151sen v\u00e9gig [&hellip;]<\/p>\n","protected":false},"author":3,"featured_media":0,"parent":8,"menu_order":0,"comment_status":"closed","ping_status":"closed","template":"","meta":{"footnotes":""},"_links":{"self":[{"href":"http:\/\/www.muep.hu\/index.php?rest_route=\/wp\/v2\/pages\/1162"}],"collection":[{"href":"http:\/\/www.muep.hu\/index.php?rest_route=\/wp\/v2\/pages"}],"about":[{"href":"http:\/\/www.muep.hu\/index.php?rest_route=\/wp\/v2\/types\/page"}],"author":[{"embeddable":true,"href":"http:\/\/www.muep.hu\/index.php?rest_route=\/wp\/v2\/users\/3"}],"replies":[{"embeddable":true,"href":"http:\/\/www.muep.hu\/index.php?rest_route=%2Fwp%2Fv2%2Fcomments&post=1162"}],"version-history":[{"count":5,"href":"http:\/\/www.muep.hu\/index.php?rest_route=\/wp\/v2\/pages\/1162\/revisions"}],"predecessor-version":[{"id":1641,"href":"http:\/\/www.muep.hu\/index.php?rest_route=\/wp\/v2\/pages\/1162\/revisions\/1641"}],"up":[{"embeddable":true,"href":"http:\/\/www.muep.hu\/index.php?rest_route=\/wp\/v2\/pages\/8"}],"wp:attachment":[{"href":"http:\/\/www.muep.hu\/index.php?rest_route=%2Fwp%2Fv2%2Fmedia&parent=1162"}],"curies":[{"name":"wp","href":"https:\/\/api.w.org\/{rel}","templated":true}]}}