{"id":1140,"date":"2017-12-18T02:34:33","date_gmt":"2017-12-18T00:34:33","guid":{"rendered":"http:\/\/www.muep.hu\/?page_id=1140"},"modified":"2018-09-07T10:24:48","modified_gmt":"2018-09-07T08:24:48","slug":"muellenor","status":"publish","type":"page","link":"http:\/\/www.muep.hu\/?page_id=1140","title":{"rendered":"M\u0171szaki ellen\u0151rz\u00e9s"},"content":{"rendered":"\n            <div class=\"glacier-section\" style=\"padding-top: 0px; padding-bottom: 45px; \" id=\"section-589a215c850b4\">\n            <div class=\"container\">\n                <section>\n                    \n<div class=\"row\">\n\t\n\n<div class=\"col-xs-12 col-sm-12\" style=\"background: transparent  \">\n\t\n<div class=\"heading-block text-left heading-block-line\">\n\t<h2 class=\"special-heading\" >M\u0170SZAKI ELLEN\u0150RZ\u00c9S<\/h2>\n\t<\/div><\/div><\/div>\n\n\n<div class=\"row\">\n\t\n\n<div class=\"col-xs-12 col-sm-12\" style=\"background: transparent  \">\n\t<div class=\"text-block shortcode-container\" style=\"font-size: 16px;\">\n\t<p>A j\u00f3 m\u0171szaki ellen\u0151rz\u00e9s nem csak sz\u00e1mon k\u00e9r, hanem <strong>t\u00e1mogat<\/strong>ja is a kivitelez\u0151 munk\u00e1j\u00e1t. M\u0171szaki ellen\u0151ri megb\u00edz\u00e1sainkn\u00e1l fontosnak tartjuk, hogy az <strong>\u00e9p\u00edttet\u0151 helysz\u00edni k\u00e9pvisel\u0151jek\u00e9nt<\/strong> m\u00e1r a kiviteli tervez\u00e9s v\u00e9g\u00e9n vagy a v\u00e1llal\u00e1sba ad\u00e1s folyam\u00e1n bekapcsol\u00f3dhassunk a megval\u00f3s\u00edt\u00e1si folyamatba, hiszen a szakszer\u0171 <strong>m\u0171szaki el\u0151k\u00e9sz\u00edt\u00e9s<\/strong> jelenti a j\u00f3 kivitelez\u00e9s alapj\u00e1t. K\u00e9szs\u00e9ggel v\u00e1llaljuk \u00e1ltalunk tervezett l\u00e9tes\u00edtm\u00e9nyek kivitelez\u00e9s\u00e9nek m\u0171szaki ellen\u0151rz\u00e9s\u00e9t is, \u00f6sszhangban a n\u00e9met (HOAI) gyakorlattal.<\/p><\/div><\/div><\/div>\n\n\n<div class=\"row\">\n\t\n\n<div class=\"col-xs-12 col-sm-12\" style=\"background: transparent  \">\n\t    <div class=\"grid-space-10\">\n                    <div class=\"gallery-item col-xs-4 col-sm-4 col-md-4  object-non-visible\" data-animation-effect=\"fade-in-up-big\" data-effect-delay=\"0\" >\n                                                    <div class=\"mask-wrapper\">\n                        <img data-no-retina src=\"http:\/\/www.muep.hu\/wp-content\/uploads\/refs\/KOKI\/L1100153-e1535454791308-300x300.jpg\" alt=\"\">\n                                            <\/div>\n                            <\/div>\n                    <div class=\"gallery-item col-xs-4 col-sm-4 col-md-4  object-non-visible\" data-animation-effect=\"fade-in-up-big\" data-effect-delay=\"100\" >\n                                                    <div class=\"mask-wrapper\">\n                        <img data-no-retina src=\"http:\/\/www.muep.hu\/wp-content\/uploads\/refs\/KOKI\/L1140410-e1535552541754-300x300.jpg\" alt=\"\">\n                                            <\/div>\n                            <\/div>\n                    <div class=\"gallery-item col-xs-4 col-sm-4 col-md-4  object-non-visible\" data-animation-effect=\"fade-in-up-big\" data-effect-delay=\"200\" >\n                                                    <div class=\"mask-wrapper\">\n                        <img data-no-retina src=\"http:\/\/www.muep.hu\/wp-content\/uploads\/refs\/OSB-uzemVasarosnam\/OSBVas_05-300x300.jpg\" alt=\"\">\n                                            <\/div>\n                            <\/div>\n                    <div class=\"gallery-item col-xs-4 col-sm-4 col-md-4  object-non-visible\" data-animation-effect=\"fade-in-up-big\" data-effect-delay=\"300\" >\n                                                    <div class=\"mask-wrapper\">\n                        <img data-no-retina src=\"http:\/\/www.muep.hu\/wp-content\/uploads\/refs\/OSB-uzemVasarosnam\/OSBVas_21-300x300.jpg\" alt=\"\">\n                                            <\/div>\n                            <\/div>\n                    <div class=\"gallery-item col-xs-4 col-sm-4 col-md-4  object-non-visible\" data-animation-effect=\"fade-in-up-big\" data-effect-delay=\"400\" >\n                                                    <div class=\"mask-wrapper\">\n                        <img data-no-retina src=\"http:\/\/www.muep.hu\/wp-content\/uploads\/_MUEP\/shutterstock_233305984-e1535454425714-300x300.jpg\" alt=\"\">\n                                            <\/div>\n                            <\/div>\n                    <div class=\"gallery-item col-xs-4 col-sm-4 col-md-4  object-non-visible\" data-animation-effect=\"fade-in-up-big\" data-effect-delay=\"500\" >\n                                                    <div class=\"mask-wrapper\">\n                        <img data-no-retina src=\"http:\/\/www.muep.hu\/wp-content\/uploads\/refs\/OSB-uzemVasarosnam\/OSBVas_31-300x300.jpg\" alt=\"\">\n                                            <\/div>\n                            <\/div>\n            <\/div>\n<\/div><\/div>\n\n                <\/section>\n            <\/div>\n                    <\/div>\n    \n","protected":false},"excerpt":{"rendered":"<p>M\u0170SZAKI ELLEN\u0150RZ\u00c9S A j\u00f3 m\u0171szaki ellen\u0151rz\u00e9s nem csak sz\u00e1mon k\u00e9r, hanem t\u00e1mogatja is a kivitelez\u0151 munk\u00e1j\u00e1t. M\u0171szaki ellen\u0151ri megb\u00edz\u00e1sainkn\u00e1l fontosnak tartjuk, hogy az \u00e9p\u00edttet\u0151 helysz\u00edni k\u00e9pvisel\u0151jek\u00e9nt m\u00e1r a kiviteli tervez\u00e9s v\u00e9g\u00e9n vagy a v\u00e1llal\u00e1sba ad\u00e1s folyam\u00e1n bekapcsol\u00f3dhassunk a megval\u00f3s\u00edt\u00e1si folyamatba, hiszen a szakszer\u0171 m\u0171szaki el\u0151k\u00e9sz\u00edt\u00e9s jelenti a j\u00f3 kivitelez\u00e9s alapj\u00e1t. K\u00e9szs\u00e9ggel v\u00e1llaljuk \u00e1ltalunk tervezett l\u00e9tes\u00edtm\u00e9nyek [&hellip;]<\/p>\n","protected":false},"author":3,"featured_media":0,"parent":8,"menu_order":0,"comment_status":"closed","ping_status":"closed","template":"","meta":{"footnotes":""},"_links":{"self":[{"href":"http:\/\/www.muep.hu\/index.php?rest_route=\/wp\/v2\/pages\/1140"}],"collection":[{"href":"http:\/\/www.muep.hu\/index.php?rest_route=\/wp\/v2\/pages"}],"about":[{"href":"http:\/\/www.muep.hu\/index.php?rest_route=\/wp\/v2\/types\/page"}],"author":[{"embeddable":true,"href":"http:\/\/www.muep.hu\/index.php?rest_route=\/wp\/v2\/users\/3"}],"replies":[{"embeddable":true,"href":"http:\/\/www.muep.hu\/index.php?rest_route=%2Fwp%2Fv2%2Fcomments&post=1140"}],"version-history":[{"count":14,"href":"http:\/\/www.muep.hu\/index.php?rest_route=\/wp\/v2\/pages\/1140\/revisions"}],"predecessor-version":[{"id":1821,"href":"http:\/\/www.muep.hu\/index.php?rest_route=\/wp\/v2\/pages\/1140\/revisions\/1821"}],"up":[{"embeddable":true,"href":"http:\/\/www.muep.hu\/index.php?rest_route=\/wp\/v2\/pages\/8"}],"wp:attachment":[{"href":"http:\/\/www.muep.hu\/index.php?rest_route=%2Fwp%2Fv2%2Fmedia&parent=1140"}],"curies":[{"name":"wp","href":"https:\/\/api.w.org\/{rel}","templated":true}]}}